{"id":98,"date":"2025-08-27T20:17:49","date_gmt":"2025-08-27T20:17:49","guid":{"rendered":"https:\/\/jcferroedecoracao.com.br\/?product=porta-pires"},"modified":"2025-08-28T18:17:41","modified_gmt":"2025-08-28T18:17:41","slug":"porta-pires","status":"publish","type":"product","link":"https:\/\/jcferroedecoracao.com.br\/?product=porta-pires","title":{"rendered":"Porta Pires"},"content":{"rendered":"<p>Delicado e funcional, o porta pires em formato de cora\u00e7\u00e3o \u00e9 o <strong data-start=\"4127\" data-end=\"4158\">toque rom\u00e2ntico que faltava<\/strong> na sua mesa de ch\u00e1 ou caf\u00e9. Fabricado em ferro com pintura eletrost\u00e1tica, une resist\u00eancia e acabamento impec\u00e1vel. Uma pe\u00e7a charmosa que transforma momentos simples em ocasi\u00f5es especiais, ideal para encontros com amigos ou decora\u00e7\u00e3o afetiva.<\/p>\n","protected":false},"excerpt":{"rendered":"<p>Delicado e funcional, o porta pires em formato de cora\u00e7\u00e3o \u00e9 o toque rom\u00e2ntico que faltava na sua mesa de ch\u00e1 ou caf\u00e9. Fabricado em ferro com pintura eletrost\u00e1tica, une resist\u00eancia e acabamento impec\u00e1vel. Uma pe\u00e7a charmosa que transforma momentos simples em ocasi\u00f5es especiais, ideal para encontros com amigos ou decora\u00e7\u00e3o afetiva.<\/p>\n","protected":false},"featured_media":0,"comment_status":"open","ping_status":"closed","template":"","meta":{"_joinchat":[]},"product_brand":[],"product_cat":[15],"product_tag":[25],"class_list":{"0":"post-98","1":"product","2":"type-product","3":"status-publish","5":"product_cat-sem-categoria","6":"product_tag-teste","8":"first","9":"instock","10":"featured","11":"shipping-taxable","12":"purchasable","13":"product-type-simple"},"yoast_head":"<!-- This site is optimized with the Yoast SEO plugin v25.8 - https:\/\/yoast.com\/wordpress\/plugins\/seo\/ -->\n<title>Porta Pires - JC FERRO<\/title>\n<meta name=\"robots\" content=\"index, follow, max-snippet:-1, max-image-preview:large, max-video-preview:-1\" \/>\n<link rel=\"canonical\" href=\"https:\/\/jcferroedecoracao.com.br\/?product=porta-pires\" \/>\n<meta property=\"og:locale\" content=\"pt_BR\" \/>\n<meta property=\"og:type\" content=\"article\" \/>\n<meta property=\"og:title\" content=\"Porta Pires - JC FERRO\" \/>\n<meta property=\"og:description\" content=\"Delicado e funcional, o porta pires em formato de cora\u00e7\u00e3o \u00e9 o toque rom\u00e2ntico que faltava na sua mesa de ch\u00e1 ou caf\u00e9. Fabricado em ferro com pintura eletrost\u00e1tica, une resist\u00eancia e acabamento impec\u00e1vel. Uma pe\u00e7a charmosa que transforma momentos simples em ocasi\u00f5es especiais, ideal para encontros com amigos ou decora\u00e7\u00e3o afetiva.\" \/>\n<meta property=\"og:url\" content=\"https:\/\/jcferroedecoracao.com.br\/?product=porta-pires\" \/>\n<meta property=\"og:site_name\" content=\"JC FERRO\" \/>\n<meta property=\"article:modified_time\" content=\"2025-08-28T18:17:41+00:00\" \/>\n<meta name=\"twitter:card\" content=\"summary_large_image\" \/>\n<meta name=\"twitter:label1\" content=\"Est. tempo de leitura\" \/>\n\t<meta name=\"twitter:data1\" content=\"1 minuto\" \/>\n<script type=\"application\/ld+json\" class=\"yoast-schema-graph\">{\"@context\":\"https:\/\/schema.org\",\"@graph\":[{\"@type\":\"WebPage\",\"@id\":\"https:\/\/jcferroedecoracao.com.br\/?product=porta-pires\",\"url\":\"https:\/\/jcferroedecoracao.com.br\/?product=porta-pires\",\"name\":\"Porta Pires - JC FERRO\",\"isPartOf\":{\"@id\":\"https:\/\/jcferroedecoracao.com.br\/#website\"},\"datePublished\":\"2025-08-27T20:17:49+00:00\",\"dateModified\":\"2025-08-28T18:17:41+00:00\",\"breadcrumb\":{\"@id\":\"https:\/\/jcferroedecoracao.com.br\/?product=porta-pires#breadcrumb\"},\"inLanguage\":\"pt-BR\",\"potentialAction\":[{\"@type\":\"ReadAction\",\"target\":[\"https:\/\/jcferroedecoracao.com.br\/?product=porta-pires\"]}]},{\"@type\":\"BreadcrumbList\",\"@id\":\"https:\/\/jcferroedecoracao.com.br\/?product=porta-pires#breadcrumb\",\"itemListElement\":[{\"@type\":\"ListItem\",\"position\":1,\"name\":\"In\u00edcio\",\"item\":\"https:\/\/jcferroedecoracao.com.br\/\"},{\"@type\":\"ListItem\",\"position\":2,\"name\":\"Loja\",\"item\":\"https:\/\/jcferroedecoracao.com.br\/?page_id=296\"},{\"@type\":\"ListItem\",\"position\":3,\"name\":\"Porta Pires\"}]},{\"@type\":\"WebSite\",\"@id\":\"https:\/\/jcferroedecoracao.com.br\/#website\",\"url\":\"https:\/\/jcferroedecoracao.com.br\/\",\"name\":\"JC FERRO\",\"description\":\"\",\"potentialAction\":[{\"@type\":\"SearchAction\",\"target\":{\"@type\":\"EntryPoint\",\"urlTemplate\":\"https:\/\/jcferroedecoracao.com.br\/?s={search_term_string}\"},\"query-input\":{\"@type\":\"PropertyValueSpecification\",\"valueRequired\":true,\"valueName\":\"search_term_string\"}}],\"inLanguage\":\"pt-BR\"}]}<\/script>\n<!-- \/ Yoast SEO plugin. -->","yoast_head_json":{"title":"Porta Pires - JC FERRO","robots":{"index":"index","follow":"follow","max-snippet":"max-snippet:-1","max-image-preview":"max-image-preview:large","max-video-preview":"max-video-preview:-1"},"canonical":"https:\/\/jcferroedecoracao.com.br\/?product=porta-pires","og_locale":"pt_BR","og_type":"article","og_title":"Porta Pires - JC FERRO","og_description":"Delicado e funcional, o porta pires em formato de cora\u00e7\u00e3o \u00e9 o toque rom\u00e2ntico que faltava na sua mesa de ch\u00e1 ou caf\u00e9. Fabricado em ferro com pintura eletrost\u00e1tica, une resist\u00eancia e acabamento impec\u00e1vel. Uma pe\u00e7a charmosa que transforma momentos simples em ocasi\u00f5es especiais, ideal para encontros com amigos ou decora\u00e7\u00e3o afetiva.","og_url":"https:\/\/jcferroedecoracao.com.br\/?product=porta-pires","og_site_name":"JC FERRO","article_modified_time":"2025-08-28T18:17:41+00:00","twitter_card":"summary_large_image","twitter_misc":{"Est. tempo de leitura":"1 minuto"},"schema":{"@context":"https:\/\/schema.org","@graph":[{"@type":"WebPage","@id":"https:\/\/jcferroedecoracao.com.br\/?product=porta-pires","url":"https:\/\/jcferroedecoracao.com.br\/?product=porta-pires","name":"Porta Pires - JC FERRO","isPartOf":{"@id":"https:\/\/jcferroedecoracao.com.br\/#website"},"datePublished":"2025-08-27T20:17:49+00:00","dateModified":"2025-08-28T18:17:41+00:00","breadcrumb":{"@id":"https:\/\/jcferroedecoracao.com.br\/?product=porta-pires#breadcrumb"},"inLanguage":"pt-BR","potentialAction":[{"@type":"ReadAction","target":["https:\/\/jcferroedecoracao.com.br\/?product=porta-pires"]}]},{"@type":"BreadcrumbList","@id":"https:\/\/jcferroedecoracao.com.br\/?product=porta-pires#breadcrumb","itemListElement":[{"@type":"ListItem","position":1,"name":"In\u00edcio","item":"https:\/\/jcferroedecoracao.com.br\/"},{"@type":"ListItem","position":2,"name":"Loja","item":"https:\/\/jcferroedecoracao.com.br\/?page_id=296"},{"@type":"ListItem","position":3,"name":"Porta Pires"}]},{"@type":"WebSite","@id":"https:\/\/jcferroedecoracao.com.br\/#website","url":"https:\/\/jcferroedecoracao.com.br\/","name":"JC FERRO","description":"","potentialAction":[{"@type":"SearchAction","target":{"@type":"EntryPoint","urlTemplate":"https:\/\/jcferroedecoracao.com.br\/?s={search_term_string}"},"query-input":{"@type":"PropertyValueSpecification","valueRequired":true,"valueName":"search_term_string"}}],"inLanguage":"pt-BR"}]}},"_links":{"self":[{"href":"https:\/\/jcferroedecoracao.com.br\/index.php?rest_route=\/wp\/v2\/product\/98","targetHints":{"allow":["GET"]}}],"collection":[{"href":"https:\/\/jcferroedecoracao.com.br\/index.php?rest_route=\/wp\/v2\/product"}],"about":[{"href":"https:\/\/jcferroedecoracao.com.br\/index.php?rest_route=\/wp\/v2\/types\/product"}],"replies":[{"embeddable":true,"href":"https:\/\/jcferroedecoracao.com.br\/index.php?rest_route=%2Fwp%2Fv2%2Fcomments&post=98"}],"wp:attachment":[{"href":"https:\/\/jcferroedecoracao.com.br\/index.php?rest_route=%2Fwp%2Fv2%2Fmedia&parent=98"}],"wp:term":[{"taxonomy":"product_brand","embeddable":true,"href":"https:\/\/jcferroedecoracao.com.br\/index.php?rest_route=%2Fwp%2Fv2%2Fproduct_brand&post=98"},{"taxonomy":"product_cat","embeddable":true,"href":"https:\/\/jcferroedecoracao.com.br\/index.php?rest_route=%2Fwp%2Fv2%2Fproduct_cat&post=98"},{"taxonomy":"product_tag","embeddable":true,"href":"https:\/\/jcferroedecoracao.com.br\/index.php?rest_route=%2Fwp%2Fv2%2Fproduct_tag&post=98"}],"curies":[{"name":"wp","href":"https:\/\/api.w.org\/{rel}","templated":true}]}}