{"id":97,"date":"2025-08-27T20:17:49","date_gmt":"2025-08-27T20:17:49","guid":{"rendered":"https:\/\/jcferroedecoracao.com.br\/?product=porta-biblia"},"modified":"2025-08-28T18:19:02","modified_gmt":"2025-08-28T18:19:02","slug":"porta-biblia","status":"publish","type":"product","link":"https:\/\/jcferroedecoracao.com.br\/?product=porta-biblia","title":{"rendered":"Porta B\u00edblia"},"content":{"rendered":"<p>Eleg\u00e2ncia e f\u00e9 se encontram neste porta B\u00edblia produzido em ferro com pintura eletrost\u00e1tica. Sua estrutura robusta <strong data-start=\"3817\" data-end=\"3855\">protege e valoriza o livro sagrado<\/strong>, mantendo-o sempre bem apoiado e \u00e0 m\u00e3o. Um item perfeito para uso pessoal, ambientes religiosos ou para presentear, unindo funcionalidade e design discreto com alta durabilidade.<\/p>\n","protected":false},"excerpt":{"rendered":"<p>Eleg\u00e2ncia e f\u00e9 se encontram neste porta B\u00edblia produzido em ferro com pintura eletrost\u00e1tica. Sua estrutura robusta protege e valoriza o livro sagrado, mantendo-o sempre bem apoiado e \u00e0 m\u00e3o. Um item perfeito para uso pessoal, ambientes religiosos ou para presentear, unindo funcionalidade e design discreto com alta durabilidade.<\/p>\n","protected":false},"featured_media":112,"comment_status":"open","ping_status":"closed","template":"","meta":{"_joinchat":[]},"product_brand":[],"product_cat":[15],"product_tag":[25],"class_list":{"0":"post-97","1":"product","2":"type-product","3":"status-publish","4":"has-post-thumbnail","6":"product_cat-sem-categoria","7":"product_tag-teste","9":"first","10":"instock","11":"featured","12":"shipping-taxable","13":"purchasable","14":"product-type-simple"},"yoast_head":"<!-- This site is optimized with the Yoast SEO plugin v25.8 - https:\/\/yoast.com\/wordpress\/plugins\/seo\/ -->\n<title>Porta B\u00edblia - JC FERRO<\/title>\n<meta name=\"robots\" content=\"index, follow, max-snippet:-1, max-image-preview:large, max-video-preview:-1\" \/>\n<link rel=\"canonical\" href=\"https:\/\/jcferroedecoracao.com.br\/?product=porta-biblia\" \/>\n<meta property=\"og:locale\" content=\"pt_BR\" \/>\n<meta property=\"og:type\" content=\"article\" \/>\n<meta property=\"og:title\" content=\"Porta B\u00edblia - JC FERRO\" \/>\n<meta property=\"og:description\" content=\"Eleg\u00e2ncia e f\u00e9 se encontram neste porta B\u00edblia produzido em ferro com pintura eletrost\u00e1tica. Sua estrutura robusta protege e valoriza o livro sagrado, mantendo-o sempre bem apoiado e \u00e0 m\u00e3o. Um item perfeito para uso pessoal, ambientes religiosos ou para presentear, unindo funcionalidade e design discreto com alta durabilidade.\" \/>\n<meta property=\"og:url\" content=\"https:\/\/jcferroedecoracao.com.br\/?product=porta-biblia\" \/>\n<meta property=\"og:site_name\" content=\"JC FERRO\" \/>\n<meta property=\"article:modified_time\" content=\"2025-08-28T18:19:02+00:00\" \/>\n<meta property=\"og:image\" content=\"https:\/\/jcferroedecoracao.com.br\/wp-content\/uploads\/2025\/08\/WhatsApp-Image-2025-08-27-at-16.02.06-1-e1756393791115.jpeg\" \/>\n\t<meta property=\"og:image:width\" content=\"1200\" \/>\n\t<meta property=\"og:image:height\" content=\"717\" \/>\n\t<meta property=\"og:image:type\" content=\"image\/jpeg\" \/>\n<meta name=\"twitter:card\" content=\"summary_large_image\" \/>\n<meta name=\"twitter:label1\" content=\"Est. tempo de leitura\" \/>\n\t<meta name=\"twitter:data1\" content=\"1 minuto\" \/>\n<script type=\"application\/ld+json\" class=\"yoast-schema-graph\">{\"@context\":\"https:\/\/schema.org\",\"@graph\":[{\"@type\":\"WebPage\",\"@id\":\"https:\/\/jcferroedecoracao.com.br\/?product=porta-biblia\",\"url\":\"https:\/\/jcferroedecoracao.com.br\/?product=porta-biblia\",\"name\":\"Porta B\u00edblia - JC FERRO\",\"isPartOf\":{\"@id\":\"https:\/\/jcferroedecoracao.com.br\/#website\"},\"primaryImageOfPage\":{\"@id\":\"https:\/\/jcferroedecoracao.com.br\/?product=porta-biblia#primaryimage\"},\"image\":{\"@id\":\"https:\/\/jcferroedecoracao.com.br\/?product=porta-biblia#primaryimage\"},\"thumbnailUrl\":\"https:\/\/jcferroedecoracao.com.br\/wp-content\/uploads\/2025\/08\/WhatsApp-Image-2025-08-27-at-16.02.06-1-e1756393791115.jpeg\",\"datePublished\":\"2025-08-27T20:17:49+00:00\",\"dateModified\":\"2025-08-28T18:19:02+00:00\",\"breadcrumb\":{\"@id\":\"https:\/\/jcferroedecoracao.com.br\/?product=porta-biblia#breadcrumb\"},\"inLanguage\":\"pt-BR\",\"potentialAction\":[{\"@type\":\"ReadAction\",\"target\":[\"https:\/\/jcferroedecoracao.com.br\/?product=porta-biblia\"]}]},{\"@type\":\"ImageObject\",\"inLanguage\":\"pt-BR\",\"@id\":\"https:\/\/jcferroedecoracao.com.br\/?product=porta-biblia#primaryimage\",\"url\":\"https:\/\/jcferroedecoracao.com.br\/wp-content\/uploads\/2025\/08\/WhatsApp-Image-2025-08-27-at-16.02.06-1-e1756393791115.jpeg\",\"contentUrl\":\"https:\/\/jcferroedecoracao.com.br\/wp-content\/uploads\/2025\/08\/WhatsApp-Image-2025-08-27-at-16.02.06-1-e1756393791115.jpeg\",\"width\":1200,\"height\":717},{\"@type\":\"BreadcrumbList\",\"@id\":\"https:\/\/jcferroedecoracao.com.br\/?product=porta-biblia#breadcrumb\",\"itemListElement\":[{\"@type\":\"ListItem\",\"position\":1,\"name\":\"In\u00edcio\",\"item\":\"https:\/\/jcferroedecoracao.com.br\/\"},{\"@type\":\"ListItem\",\"position\":2,\"name\":\"Loja\",\"item\":\"https:\/\/jcferroedecoracao.com.br\/?page_id=296\"},{\"@type\":\"ListItem\",\"position\":3,\"name\":\"Porta B\u00edblia\"}]},{\"@type\":\"WebSite\",\"@id\":\"https:\/\/jcferroedecoracao.com.br\/#website\",\"url\":\"https:\/\/jcferroedecoracao.com.br\/\",\"name\":\"JC FERRO\",\"description\":\"\",\"potentialAction\":[{\"@type\":\"SearchAction\",\"target\":{\"@type\":\"EntryPoint\",\"urlTemplate\":\"https:\/\/jcferroedecoracao.com.br\/?s={search_term_string}\"},\"query-input\":{\"@type\":\"PropertyValueSpecification\",\"valueRequired\":true,\"valueName\":\"search_term_string\"}}],\"inLanguage\":\"pt-BR\"}]}<\/script>\n<!-- \/ Yoast SEO plugin. -->","yoast_head_json":{"title":"Porta B\u00edblia - JC FERRO","robots":{"index":"index","follow":"follow","max-snippet":"max-snippet:-1","max-image-preview":"max-image-preview:large","max-video-preview":"max-video-preview:-1"},"canonical":"https:\/\/jcferroedecoracao.com.br\/?product=porta-biblia","og_locale":"pt_BR","og_type":"article","og_title":"Porta B\u00edblia - JC FERRO","og_description":"Eleg\u00e2ncia e f\u00e9 se encontram neste porta B\u00edblia produzido em ferro com pintura eletrost\u00e1tica. Sua estrutura robusta protege e valoriza o livro sagrado, mantendo-o sempre bem apoiado e \u00e0 m\u00e3o. Um item perfeito para uso pessoal, ambientes religiosos ou para presentear, unindo funcionalidade e design discreto com alta durabilidade.","og_url":"https:\/\/jcferroedecoracao.com.br\/?product=porta-biblia","og_site_name":"JC FERRO","article_modified_time":"2025-08-28T18:19:02+00:00","og_image":[{"width":1200,"height":717,"url":"https:\/\/jcferroedecoracao.com.br\/wp-content\/uploads\/2025\/08\/WhatsApp-Image-2025-08-27-at-16.02.06-1-e1756393791115.jpeg","type":"image\/jpeg"}],"twitter_card":"summary_large_image","twitter_misc":{"Est. tempo de leitura":"1 minuto"},"schema":{"@context":"https:\/\/schema.org","@graph":[{"@type":"WebPage","@id":"https:\/\/jcferroedecoracao.com.br\/?product=porta-biblia","url":"https:\/\/jcferroedecoracao.com.br\/?product=porta-biblia","name":"Porta B\u00edblia - JC FERRO","isPartOf":{"@id":"https:\/\/jcferroedecoracao.com.br\/#website"},"primaryImageOfPage":{"@id":"https:\/\/jcferroedecoracao.com.br\/?product=porta-biblia#primaryimage"},"image":{"@id":"https:\/\/jcferroedecoracao.com.br\/?product=porta-biblia#primaryimage"},"thumbnailUrl":"https:\/\/jcferroedecoracao.com.br\/wp-content\/uploads\/2025\/08\/WhatsApp-Image-2025-08-27-at-16.02.06-1-e1756393791115.jpeg","datePublished":"2025-08-27T20:17:49+00:00","dateModified":"2025-08-28T18:19:02+00:00","breadcrumb":{"@id":"https:\/\/jcferroedecoracao.com.br\/?product=porta-biblia#breadcrumb"},"inLanguage":"pt-BR","potentialAction":[{"@type":"ReadAction","target":["https:\/\/jcferroedecoracao.com.br\/?product=porta-biblia"]}]},{"@type":"ImageObject","inLanguage":"pt-BR","@id":"https:\/\/jcferroedecoracao.com.br\/?product=porta-biblia#primaryimage","url":"https:\/\/jcferroedecoracao.com.br\/wp-content\/uploads\/2025\/08\/WhatsApp-Image-2025-08-27-at-16.02.06-1-e1756393791115.jpeg","contentUrl":"https:\/\/jcferroedecoracao.com.br\/wp-content\/uploads\/2025\/08\/WhatsApp-Image-2025-08-27-at-16.02.06-1-e1756393791115.jpeg","width":1200,"height":717},{"@type":"BreadcrumbList","@id":"https:\/\/jcferroedecoracao.com.br\/?product=porta-biblia#breadcrumb","itemListElement":[{"@type":"ListItem","position":1,"name":"In\u00edcio","item":"https:\/\/jcferroedecoracao.com.br\/"},{"@type":"ListItem","position":2,"name":"Loja","item":"https:\/\/jcferroedecoracao.com.br\/?page_id=296"},{"@type":"ListItem","position":3,"name":"Porta B\u00edblia"}]},{"@type":"WebSite","@id":"https:\/\/jcferroedecoracao.com.br\/#website","url":"https:\/\/jcferroedecoracao.com.br\/","name":"JC FERRO","description":"","potentialAction":[{"@type":"SearchAction","target":{"@type":"EntryPoint","urlTemplate":"https:\/\/jcferroedecoracao.com.br\/?s={search_term_string}"},"query-input":{"@type":"PropertyValueSpecification","valueRequired":true,"valueName":"search_term_string"}}],"inLanguage":"pt-BR"}]}},"_links":{"self":[{"href":"https:\/\/jcferroedecoracao.com.br\/index.php?rest_route=\/wp\/v2\/product\/97","targetHints":{"allow":["GET"]}}],"collection":[{"href":"https:\/\/jcferroedecoracao.com.br\/index.php?rest_route=\/wp\/v2\/product"}],"about":[{"href":"https:\/\/jcferroedecoracao.com.br\/index.php?rest_route=\/wp\/v2\/types\/product"}],"replies":[{"embeddable":true,"href":"https:\/\/jcferroedecoracao.com.br\/index.php?rest_route=%2Fwp%2Fv2%2Fcomments&post=97"}],"wp:featuredmedia":[{"embeddable":true,"href":"https:\/\/jcferroedecoracao.com.br\/index.php?rest_route=\/wp\/v2\/media\/112"}],"wp:attachment":[{"href":"https:\/\/jcferroedecoracao.com.br\/index.php?rest_route=%2Fwp%2Fv2%2Fmedia&parent=97"}],"wp:term":[{"taxonomy":"product_brand","embeddable":true,"href":"https:\/\/jcferroedecoracao.com.br\/index.php?rest_route=%2Fwp%2Fv2%2Fproduct_brand&post=97"},{"taxonomy":"product_cat","embeddable":true,"href":"https:\/\/jcferroedecoracao.com.br\/index.php?rest_route=%2Fwp%2Fv2%2Fproduct_cat&post=97"},{"taxonomy":"product_tag","embeddable":true,"href":"https:\/\/jcferroedecoracao.com.br\/index.php?rest_route=%2Fwp%2Fv2%2Fproduct_tag&post=97"}],"curies":[{"name":"wp","href":"https:\/\/api.w.org\/{rel}","templated":true}]}}