{"id":96,"date":"2025-08-27T20:17:49","date_gmt":"2025-08-27T20:17:49","guid":{"rendered":"https:\/\/jcferroedecoracao.com.br\/?product=painel-floreira"},"modified":"2025-08-28T18:16:54","modified_gmt":"2025-08-28T18:16:54","slug":"painel-floreira","status":"publish","type":"product","link":"https:\/\/jcferroedecoracao.com.br\/?product=painel-floreira","title":{"rendered":"Painel floreira"},"content":{"rendered":"<p>Este painel em ferro com tr\u00eas vasos integrados \u00e9 perfeito para <strong data-start=\"3344\" data-end=\"3375\">levar cor e vida \u00e0s paredes<\/strong>. Fabricado com estrutura resistente e pintura eletrost\u00e1tica, mant\u00e9m a durabilidade mesmo em ambientes externos. O design sofisticado combina perfeitamente com flores naturais ou artificiais, sendo ideal para varandas, \u00e1reas gourmet, jardins verticais ou at\u00e9 interiores com estilo contempor\u00e2neo.<\/p>\n","protected":false},"excerpt":{"rendered":"<p>Este painel em ferro com tr\u00eas vasos integrados \u00e9 perfeito para levar cor e vida \u00e0s paredes. Fabricado com estrutura resistente e pintura eletrost\u00e1tica, mant\u00e9m a durabilidade mesmo em ambientes externos. O design sofisticado combina perfeitamente com flores naturais ou artificiais, sendo ideal para varandas, \u00e1reas gourmet, jardins verticais ou at\u00e9 interiores com estilo contempor\u00e2neo.<\/p>\n","protected":false},"featured_media":0,"comment_status":"open","ping_status":"closed","template":"","meta":{"_joinchat":[]},"product_brand":[],"product_cat":[15],"product_tag":[25],"class_list":{"0":"post-96","1":"product","2":"type-product","3":"status-publish","5":"product_cat-sem-categoria","6":"product_tag-teste","8":"first","9":"instock","10":"featured","11":"shipping-taxable","12":"purchasable","13":"product-type-simple"},"yoast_head":"<!-- This site is optimized with the Yoast SEO plugin v25.8 - https:\/\/yoast.com\/wordpress\/plugins\/seo\/ -->\n<title>Painel floreira - JC FERRO<\/title>\n<meta name=\"robots\" content=\"index, follow, max-snippet:-1, max-image-preview:large, max-video-preview:-1\" \/>\n<link rel=\"canonical\" href=\"https:\/\/jcferroedecoracao.com.br\/?product=painel-floreira\" \/>\n<meta property=\"og:locale\" content=\"pt_BR\" \/>\n<meta property=\"og:type\" content=\"article\" \/>\n<meta property=\"og:title\" content=\"Painel floreira - JC FERRO\" \/>\n<meta property=\"og:description\" content=\"Este painel em ferro com tr\u00eas vasos integrados \u00e9 perfeito para levar cor e vida \u00e0s paredes. Fabricado com estrutura resistente e pintura eletrost\u00e1tica, mant\u00e9m a durabilidade mesmo em ambientes externos. O design sofisticado combina perfeitamente com flores naturais ou artificiais, sendo ideal para varandas, \u00e1reas gourmet, jardins verticais ou at\u00e9 interiores com estilo contempor\u00e2neo.\" \/>\n<meta property=\"og:url\" content=\"https:\/\/jcferroedecoracao.com.br\/?product=painel-floreira\" \/>\n<meta property=\"og:site_name\" content=\"JC FERRO\" \/>\n<meta property=\"article:modified_time\" content=\"2025-08-28T18:16:54+00:00\" \/>\n<meta name=\"twitter:card\" content=\"summary_large_image\" \/>\n<meta name=\"twitter:label1\" content=\"Est. tempo de leitura\" \/>\n\t<meta name=\"twitter:data1\" content=\"1 minuto\" \/>\n<script type=\"application\/ld+json\" class=\"yoast-schema-graph\">{\"@context\":\"https:\/\/schema.org\",\"@graph\":[{\"@type\":\"WebPage\",\"@id\":\"https:\/\/jcferroedecoracao.com.br\/?product=painel-floreira\",\"url\":\"https:\/\/jcferroedecoracao.com.br\/?product=painel-floreira\",\"name\":\"Painel floreira - JC FERRO\",\"isPartOf\":{\"@id\":\"https:\/\/jcferroedecoracao.com.br\/#website\"},\"datePublished\":\"2025-08-27T20:17:49+00:00\",\"dateModified\":\"2025-08-28T18:16:54+00:00\",\"breadcrumb\":{\"@id\":\"https:\/\/jcferroedecoracao.com.br\/?product=painel-floreira#breadcrumb\"},\"inLanguage\":\"pt-BR\",\"potentialAction\":[{\"@type\":\"ReadAction\",\"target\":[\"https:\/\/jcferroedecoracao.com.br\/?product=painel-floreira\"]}]},{\"@type\":\"BreadcrumbList\",\"@id\":\"https:\/\/jcferroedecoracao.com.br\/?product=painel-floreira#breadcrumb\",\"itemListElement\":[{\"@type\":\"ListItem\",\"position\":1,\"name\":\"In\u00edcio\",\"item\":\"https:\/\/jcferroedecoracao.com.br\/\"},{\"@type\":\"ListItem\",\"position\":2,\"name\":\"Loja\",\"item\":\"https:\/\/jcferroedecoracao.com.br\/?page_id=296\"},{\"@type\":\"ListItem\",\"position\":3,\"name\":\"Painel floreira\"}]},{\"@type\":\"WebSite\",\"@id\":\"https:\/\/jcferroedecoracao.com.br\/#website\",\"url\":\"https:\/\/jcferroedecoracao.com.br\/\",\"name\":\"JC FERRO\",\"description\":\"\",\"potentialAction\":[{\"@type\":\"SearchAction\",\"target\":{\"@type\":\"EntryPoint\",\"urlTemplate\":\"https:\/\/jcferroedecoracao.com.br\/?s={search_term_string}\"},\"query-input\":{\"@type\":\"PropertyValueSpecification\",\"valueRequired\":true,\"valueName\":\"search_term_string\"}}],\"inLanguage\":\"pt-BR\"}]}<\/script>\n<!-- \/ Yoast SEO plugin. -->","yoast_head_json":{"title":"Painel floreira - JC FERRO","robots":{"index":"index","follow":"follow","max-snippet":"max-snippet:-1","max-image-preview":"max-image-preview:large","max-video-preview":"max-video-preview:-1"},"canonical":"https:\/\/jcferroedecoracao.com.br\/?product=painel-floreira","og_locale":"pt_BR","og_type":"article","og_title":"Painel floreira - JC FERRO","og_description":"Este painel em ferro com tr\u00eas vasos integrados \u00e9 perfeito para levar cor e vida \u00e0s paredes. Fabricado com estrutura resistente e pintura eletrost\u00e1tica, mant\u00e9m a durabilidade mesmo em ambientes externos. O design sofisticado combina perfeitamente com flores naturais ou artificiais, sendo ideal para varandas, \u00e1reas gourmet, jardins verticais ou at\u00e9 interiores com estilo contempor\u00e2neo.","og_url":"https:\/\/jcferroedecoracao.com.br\/?product=painel-floreira","og_site_name":"JC FERRO","article_modified_time":"2025-08-28T18:16:54+00:00","twitter_card":"summary_large_image","twitter_misc":{"Est. tempo de leitura":"1 minuto"},"schema":{"@context":"https:\/\/schema.org","@graph":[{"@type":"WebPage","@id":"https:\/\/jcferroedecoracao.com.br\/?product=painel-floreira","url":"https:\/\/jcferroedecoracao.com.br\/?product=painel-floreira","name":"Painel floreira - JC FERRO","isPartOf":{"@id":"https:\/\/jcferroedecoracao.com.br\/#website"},"datePublished":"2025-08-27T20:17:49+00:00","dateModified":"2025-08-28T18:16:54+00:00","breadcrumb":{"@id":"https:\/\/jcferroedecoracao.com.br\/?product=painel-floreira#breadcrumb"},"inLanguage":"pt-BR","potentialAction":[{"@type":"ReadAction","target":["https:\/\/jcferroedecoracao.com.br\/?product=painel-floreira"]}]},{"@type":"BreadcrumbList","@id":"https:\/\/jcferroedecoracao.com.br\/?product=painel-floreira#breadcrumb","itemListElement":[{"@type":"ListItem","position":1,"name":"In\u00edcio","item":"https:\/\/jcferroedecoracao.com.br\/"},{"@type":"ListItem","position":2,"name":"Loja","item":"https:\/\/jcferroedecoracao.com.br\/?page_id=296"},{"@type":"ListItem","position":3,"name":"Painel floreira"}]},{"@type":"WebSite","@id":"https:\/\/jcferroedecoracao.com.br\/#website","url":"https:\/\/jcferroedecoracao.com.br\/","name":"JC FERRO","description":"","potentialAction":[{"@type":"SearchAction","target":{"@type":"EntryPoint","urlTemplate":"https:\/\/jcferroedecoracao.com.br\/?s={search_term_string}"},"query-input":{"@type":"PropertyValueSpecification","valueRequired":true,"valueName":"search_term_string"}}],"inLanguage":"pt-BR"}]}},"_links":{"self":[{"href":"https:\/\/jcferroedecoracao.com.br\/index.php?rest_route=\/wp\/v2\/product\/96","targetHints":{"allow":["GET"]}}],"collection":[{"href":"https:\/\/jcferroedecoracao.com.br\/index.php?rest_route=\/wp\/v2\/product"}],"about":[{"href":"https:\/\/jcferroedecoracao.com.br\/index.php?rest_route=\/wp\/v2\/types\/product"}],"replies":[{"embeddable":true,"href":"https:\/\/jcferroedecoracao.com.br\/index.php?rest_route=%2Fwp%2Fv2%2Fcomments&post=96"}],"wp:attachment":[{"href":"https:\/\/jcferroedecoracao.com.br\/index.php?rest_route=%2Fwp%2Fv2%2Fmedia&parent=96"}],"wp:term":[{"taxonomy":"product_brand","embeddable":true,"href":"https:\/\/jcferroedecoracao.com.br\/index.php?rest_route=%2Fwp%2Fv2%2Fproduct_brand&post=96"},{"taxonomy":"product_cat","embeddable":true,"href":"https:\/\/jcferroedecoracao.com.br\/index.php?rest_route=%2Fwp%2Fv2%2Fproduct_cat&post=96"},{"taxonomy":"product_tag","embeddable":true,"href":"https:\/\/jcferroedecoracao.com.br\/index.php?rest_route=%2Fwp%2Fv2%2Fproduct_tag&post=96"}],"curies":[{"name":"wp","href":"https:\/\/api.w.org\/{rel}","templated":true}]}}