{"id":92,"date":"2025-08-27T20:17:48","date_gmt":"2025-08-27T20:17:48","guid":{"rendered":"https:\/\/jcferroedecoracao.com.br\/?product=gaiola-p"},"modified":"2025-08-28T18:29:48","modified_gmt":"2025-08-28T18:29:48","slug":"gaiola-p","status":"publish","type":"product","link":"https:\/\/jcferroedecoracao.com.br\/?product=gaiola-p","title":{"rendered":"Gaiola P"},"content":{"rendered":"<p>As gaiolas decorativas s\u00e3o perfeitas para quem aprecia <strong data-start=\"2501\" data-end=\"2543\">charme vintage com resist\u00eancia moderna<\/strong>. Feitas em ferro com pintura eletrost\u00e1tica, unem delicadeza e durabilidade. Podem ser usadas como suportes para velas, plantas ou simplesmente como pe\u00e7a decorativa, dando personalidade a salas, varandas, casamentos e eventos especiais. Dispon\u00edveis nos tamanhos P, M e G para melhor se adequar ao seu espa\u00e7o.<\/p>\n","protected":false},"excerpt":{"rendered":"<p>As gaiolas decorativas s\u00e3o perfeitas para quem aprecia charme vintage com resist\u00eancia moderna. Feitas em ferro com pintura eletrost\u00e1tica, unem delicadeza e durabilidade. Podem ser usadas como suportes para velas, plantas ou simplesmente como pe\u00e7a decorativa, dando personalidade a salas, varandas, casamentos e eventos especiais. Dispon\u00edveis nos tamanhos P, M e G para melhor se [&hellip;]<\/p>\n","protected":false},"featured_media":0,"comment_status":"open","ping_status":"closed","template":"","meta":{"_joinchat":[]},"product_brand":[],"product_cat":[29],"product_tag":[],"class_list":{"0":"post-92","1":"product","2":"type-product","3":"status-publish","5":"product_cat-gaiola","7":"first","8":"instock","9":"shipping-taxable","10":"purchasable","11":"product-type-simple"},"yoast_head":"<!-- This site is optimized with the Yoast SEO plugin v25.8 - https:\/\/yoast.com\/wordpress\/plugins\/seo\/ -->\n<title>Gaiola P - JC FERRO<\/title>\n<meta name=\"robots\" content=\"index, follow, max-snippet:-1, max-image-preview:large, max-video-preview:-1\" \/>\n<link rel=\"canonical\" href=\"https:\/\/jcferroedecoracao.com.br\/?product=gaiola-p\" \/>\n<meta property=\"og:locale\" content=\"pt_BR\" \/>\n<meta property=\"og:type\" content=\"article\" \/>\n<meta property=\"og:title\" content=\"Gaiola P - JC FERRO\" \/>\n<meta property=\"og:description\" content=\"As gaiolas decorativas s\u00e3o perfeitas para quem aprecia charme vintage com resist\u00eancia moderna. Feitas em ferro com pintura eletrost\u00e1tica, unem delicadeza e durabilidade. Podem ser usadas como suportes para velas, plantas ou simplesmente como pe\u00e7a decorativa, dando personalidade a salas, varandas, casamentos e eventos especiais. Dispon\u00edveis nos tamanhos P, M e G para melhor se [&hellip;]\" \/>\n<meta property=\"og:url\" content=\"https:\/\/jcferroedecoracao.com.br\/?product=gaiola-p\" \/>\n<meta property=\"og:site_name\" content=\"JC FERRO\" \/>\n<meta property=\"article:modified_time\" content=\"2025-08-28T18:29:48+00:00\" \/>\n<meta name=\"twitter:card\" content=\"summary_large_image\" \/>\n<meta name=\"twitter:label1\" content=\"Est. tempo de leitura\" \/>\n\t<meta name=\"twitter:data1\" content=\"1 minuto\" \/>\n<script type=\"application\/ld+json\" class=\"yoast-schema-graph\">{\"@context\":\"https:\/\/schema.org\",\"@graph\":[{\"@type\":\"WebPage\",\"@id\":\"https:\/\/jcferroedecoracao.com.br\/?product=gaiola-p\",\"url\":\"https:\/\/jcferroedecoracao.com.br\/?product=gaiola-p\",\"name\":\"Gaiola P - JC FERRO\",\"isPartOf\":{\"@id\":\"https:\/\/jcferroedecoracao.com.br\/#website\"},\"datePublished\":\"2025-08-27T20:17:48+00:00\",\"dateModified\":\"2025-08-28T18:29:48+00:00\",\"breadcrumb\":{\"@id\":\"https:\/\/jcferroedecoracao.com.br\/?product=gaiola-p#breadcrumb\"},\"inLanguage\":\"pt-BR\",\"potentialAction\":[{\"@type\":\"ReadAction\",\"target\":[\"https:\/\/jcferroedecoracao.com.br\/?product=gaiola-p\"]}]},{\"@type\":\"BreadcrumbList\",\"@id\":\"https:\/\/jcferroedecoracao.com.br\/?product=gaiola-p#breadcrumb\",\"itemListElement\":[{\"@type\":\"ListItem\",\"position\":1,\"name\":\"In\u00edcio\",\"item\":\"https:\/\/jcferroedecoracao.com.br\/\"},{\"@type\":\"ListItem\",\"position\":2,\"name\":\"Loja\",\"item\":\"https:\/\/jcferroedecoracao.com.br\/?page_id=296\"},{\"@type\":\"ListItem\",\"position\":3,\"name\":\"Gaiola P\"}]},{\"@type\":\"WebSite\",\"@id\":\"https:\/\/jcferroedecoracao.com.br\/#website\",\"url\":\"https:\/\/jcferroedecoracao.com.br\/\",\"name\":\"JC FERRO\",\"description\":\"\",\"potentialAction\":[{\"@type\":\"SearchAction\",\"target\":{\"@type\":\"EntryPoint\",\"urlTemplate\":\"https:\/\/jcferroedecoracao.com.br\/?s={search_term_string}\"},\"query-input\":{\"@type\":\"PropertyValueSpecification\",\"valueRequired\":true,\"valueName\":\"search_term_string\"}}],\"inLanguage\":\"pt-BR\"}]}<\/script>\n<!-- \/ Yoast SEO plugin. -->","yoast_head_json":{"title":"Gaiola P - JC FERRO","robots":{"index":"index","follow":"follow","max-snippet":"max-snippet:-1","max-image-preview":"max-image-preview:large","max-video-preview":"max-video-preview:-1"},"canonical":"https:\/\/jcferroedecoracao.com.br\/?product=gaiola-p","og_locale":"pt_BR","og_type":"article","og_title":"Gaiola P - JC FERRO","og_description":"As gaiolas decorativas s\u00e3o perfeitas para quem aprecia charme vintage com resist\u00eancia moderna. Feitas em ferro com pintura eletrost\u00e1tica, unem delicadeza e durabilidade. Podem ser usadas como suportes para velas, plantas ou simplesmente como pe\u00e7a decorativa, dando personalidade a salas, varandas, casamentos e eventos especiais. Dispon\u00edveis nos tamanhos P, M e G para melhor se [&hellip;]","og_url":"https:\/\/jcferroedecoracao.com.br\/?product=gaiola-p","og_site_name":"JC FERRO","article_modified_time":"2025-08-28T18:29:48+00:00","twitter_card":"summary_large_image","twitter_misc":{"Est. tempo de leitura":"1 minuto"},"schema":{"@context":"https:\/\/schema.org","@graph":[{"@type":"WebPage","@id":"https:\/\/jcferroedecoracao.com.br\/?product=gaiola-p","url":"https:\/\/jcferroedecoracao.com.br\/?product=gaiola-p","name":"Gaiola P - JC FERRO","isPartOf":{"@id":"https:\/\/jcferroedecoracao.com.br\/#website"},"datePublished":"2025-08-27T20:17:48+00:00","dateModified":"2025-08-28T18:29:48+00:00","breadcrumb":{"@id":"https:\/\/jcferroedecoracao.com.br\/?product=gaiola-p#breadcrumb"},"inLanguage":"pt-BR","potentialAction":[{"@type":"ReadAction","target":["https:\/\/jcferroedecoracao.com.br\/?product=gaiola-p"]}]},{"@type":"BreadcrumbList","@id":"https:\/\/jcferroedecoracao.com.br\/?product=gaiola-p#breadcrumb","itemListElement":[{"@type":"ListItem","position":1,"name":"In\u00edcio","item":"https:\/\/jcferroedecoracao.com.br\/"},{"@type":"ListItem","position":2,"name":"Loja","item":"https:\/\/jcferroedecoracao.com.br\/?page_id=296"},{"@type":"ListItem","position":3,"name":"Gaiola P"}]},{"@type":"WebSite","@id":"https:\/\/jcferroedecoracao.com.br\/#website","url":"https:\/\/jcferroedecoracao.com.br\/","name":"JC FERRO","description":"","potentialAction":[{"@type":"SearchAction","target":{"@type":"EntryPoint","urlTemplate":"https:\/\/jcferroedecoracao.com.br\/?s={search_term_string}"},"query-input":{"@type":"PropertyValueSpecification","valueRequired":true,"valueName":"search_term_string"}}],"inLanguage":"pt-BR"}]}},"_links":{"self":[{"href":"https:\/\/jcferroedecoracao.com.br\/index.php?rest_route=\/wp\/v2\/product\/92","targetHints":{"allow":["GET"]}}],"collection":[{"href":"https:\/\/jcferroedecoracao.com.br\/index.php?rest_route=\/wp\/v2\/product"}],"about":[{"href":"https:\/\/jcferroedecoracao.com.br\/index.php?rest_route=\/wp\/v2\/types\/product"}],"replies":[{"embeddable":true,"href":"https:\/\/jcferroedecoracao.com.br\/index.php?rest_route=%2Fwp%2Fv2%2Fcomments&post=92"}],"wp:attachment":[{"href":"https:\/\/jcferroedecoracao.com.br\/index.php?rest_route=%2Fwp%2Fv2%2Fmedia&parent=92"}],"wp:term":[{"taxonomy":"product_brand","embeddable":true,"href":"https:\/\/jcferroedecoracao.com.br\/index.php?rest_route=%2Fwp%2Fv2%2Fproduct_brand&post=92"},{"taxonomy":"product_cat","embeddable":true,"href":"https:\/\/jcferroedecoracao.com.br\/index.php?rest_route=%2Fwp%2Fv2%2Fproduct_cat&post=92"},{"taxonomy":"product_tag","embeddable":true,"href":"https:\/\/jcferroedecoracao.com.br\/index.php?rest_route=%2Fwp%2Fv2%2Fproduct_tag&post=92"}],"curies":[{"name":"wp","href":"https:\/\/api.w.org\/{rel}","templated":true}]}}