{"id":86,"date":"2025-08-27T20:17:48","date_gmt":"2025-08-27T20:17:48","guid":{"rendered":"https:\/\/jcferroedecoracao.com.br\/?product=bicicleta-grande"},"modified":"2025-08-28T18:26:38","modified_gmt":"2025-08-28T18:26:38","slug":"bicicleta-grande","status":"publish","type":"product","link":"https:\/\/jcferroedecoracao.com.br\/?product=bicicleta-grande","title":{"rendered":"Bicicleta grande"},"content":{"rendered":"<p data-start=\"231\" data-end=\"522\">Transforme qualquer espa\u00e7o em um cen\u00e1rio cheio de charme com esta bicicleta decorativa de grande porte. Produzida em ferro de alta qualidade com pintura eletrost\u00e1tica, ela oferece <strong data-start=\"411\" data-end=\"519\">resist\u00eancia superior contra oxida\u00e7\u00e3o, durabilidade mesmo em \u00e1reas externas e acabamento sempre impec\u00e1vel<\/strong>.<\/p>\n<p data-start=\"524\" data-end=\"791\">Com design inspirado no estilo vintage, \u00e9 perfeita para compor <strong data-start=\"587\" data-end=\"659\">jardins, varandas, entradas de casas, eventos ou vitrines comerciais<\/strong>, podendo ser utilizada sozinha como pe\u00e7a de destaque ou acompanhada de vasos de flores para criar um visual ainda mais acolhedor.<\/p>\n<p data-start=\"793\" data-end=\"1018\">Seu tamanho generoso valoriza qualquer ambiente, tornando-se n\u00e3o apenas um objeto decorativo, mas tamb\u00e9m <strong data-start=\"898\" data-end=\"938\">um ponto focal elegante e encantador<\/strong>. Ideal para quem deseja adicionar um toque rom\u00e2ntico e atemporal \u00e0 decora\u00e7\u00e3o.<\/p>\n","protected":false},"excerpt":{"rendered":"<p>Transforme qualquer espa\u00e7o em um cen\u00e1rio cheio de charme com esta bicicleta decorativa de grande porte. Produzida em ferro de alta qualidade com pintura eletrost\u00e1tica, ela oferece resist\u00eancia superior contra oxida\u00e7\u00e3o, durabilidade mesmo em \u00e1reas externas e acabamento sempre impec\u00e1vel. Com design inspirado no estilo vintage, \u00e9 perfeita para compor jardins, varandas, entradas de casas, [&hellip;]<\/p>\n","protected":false},"featured_media":0,"comment_status":"open","ping_status":"closed","template":"","meta":{"_joinchat":[]},"product_brand":[],"product_cat":[15],"product_tag":[25],"class_list":{"0":"post-86","1":"product","2":"type-product","3":"status-publish","5":"product_cat-sem-categoria","6":"product_tag-teste","8":"first","9":"instock","10":"featured","11":"shipping-taxable","12":"purchasable","13":"product-type-simple"},"yoast_head":"<!-- This site is optimized with the Yoast SEO plugin v25.8 - https:\/\/yoast.com\/wordpress\/plugins\/seo\/ -->\n<title>Bicicleta grande - JC FERRO<\/title>\n<meta name=\"robots\" content=\"index, follow, max-snippet:-1, max-image-preview:large, max-video-preview:-1\" \/>\n<link rel=\"canonical\" href=\"https:\/\/jcferroedecoracao.com.br\/?product=bicicleta-grande\" \/>\n<meta property=\"og:locale\" content=\"pt_BR\" \/>\n<meta property=\"og:type\" content=\"article\" \/>\n<meta property=\"og:title\" content=\"Bicicleta grande - JC FERRO\" \/>\n<meta property=\"og:description\" content=\"Transforme qualquer espa\u00e7o em um cen\u00e1rio cheio de charme com esta bicicleta decorativa de grande porte. Produzida em ferro de alta qualidade com pintura eletrost\u00e1tica, ela oferece resist\u00eancia superior contra oxida\u00e7\u00e3o, durabilidade mesmo em \u00e1reas externas e acabamento sempre impec\u00e1vel. Com design inspirado no estilo vintage, \u00e9 perfeita para compor jardins, varandas, entradas de casas, [&hellip;]\" \/>\n<meta property=\"og:url\" content=\"https:\/\/jcferroedecoracao.com.br\/?product=bicicleta-grande\" \/>\n<meta property=\"og:site_name\" content=\"JC FERRO\" \/>\n<meta property=\"article:modified_time\" content=\"2025-08-28T18:26:38+00:00\" \/>\n<meta name=\"twitter:card\" content=\"summary_large_image\" \/>\n<meta name=\"twitter:label1\" content=\"Est. tempo de leitura\" \/>\n\t<meta name=\"twitter:data1\" content=\"1 minuto\" \/>\n<script type=\"application\/ld+json\" class=\"yoast-schema-graph\">{\"@context\":\"https:\/\/schema.org\",\"@graph\":[{\"@type\":\"WebPage\",\"@id\":\"https:\/\/jcferroedecoracao.com.br\/?product=bicicleta-grande\",\"url\":\"https:\/\/jcferroedecoracao.com.br\/?product=bicicleta-grande\",\"name\":\"Bicicleta grande - JC FERRO\",\"isPartOf\":{\"@id\":\"https:\/\/jcferroedecoracao.com.br\/#website\"},\"datePublished\":\"2025-08-27T20:17:48+00:00\",\"dateModified\":\"2025-08-28T18:26:38+00:00\",\"breadcrumb\":{\"@id\":\"https:\/\/jcferroedecoracao.com.br\/?product=bicicleta-grande#breadcrumb\"},\"inLanguage\":\"pt-BR\",\"potentialAction\":[{\"@type\":\"ReadAction\",\"target\":[\"https:\/\/jcferroedecoracao.com.br\/?product=bicicleta-grande\"]}]},{\"@type\":\"BreadcrumbList\",\"@id\":\"https:\/\/jcferroedecoracao.com.br\/?product=bicicleta-grande#breadcrumb\",\"itemListElement\":[{\"@type\":\"ListItem\",\"position\":1,\"name\":\"In\u00edcio\",\"item\":\"https:\/\/jcferroedecoracao.com.br\/\"},{\"@type\":\"ListItem\",\"position\":2,\"name\":\"Loja\",\"item\":\"https:\/\/jcferroedecoracao.com.br\/?page_id=296\"},{\"@type\":\"ListItem\",\"position\":3,\"name\":\"Bicicleta grande\"}]},{\"@type\":\"WebSite\",\"@id\":\"https:\/\/jcferroedecoracao.com.br\/#website\",\"url\":\"https:\/\/jcferroedecoracao.com.br\/\",\"name\":\"JC FERRO\",\"description\":\"\",\"potentialAction\":[{\"@type\":\"SearchAction\",\"target\":{\"@type\":\"EntryPoint\",\"urlTemplate\":\"https:\/\/jcferroedecoracao.com.br\/?s={search_term_string}\"},\"query-input\":{\"@type\":\"PropertyValueSpecification\",\"valueRequired\":true,\"valueName\":\"search_term_string\"}}],\"inLanguage\":\"pt-BR\"}]}<\/script>\n<!-- \/ Yoast SEO plugin. -->","yoast_head_json":{"title":"Bicicleta grande - JC FERRO","robots":{"index":"index","follow":"follow","max-snippet":"max-snippet:-1","max-image-preview":"max-image-preview:large","max-video-preview":"max-video-preview:-1"},"canonical":"https:\/\/jcferroedecoracao.com.br\/?product=bicicleta-grande","og_locale":"pt_BR","og_type":"article","og_title":"Bicicleta grande - JC FERRO","og_description":"Transforme qualquer espa\u00e7o em um cen\u00e1rio cheio de charme com esta bicicleta decorativa de grande porte. Produzida em ferro de alta qualidade com pintura eletrost\u00e1tica, ela oferece resist\u00eancia superior contra oxida\u00e7\u00e3o, durabilidade mesmo em \u00e1reas externas e acabamento sempre impec\u00e1vel. Com design inspirado no estilo vintage, \u00e9 perfeita para compor jardins, varandas, entradas de casas, [&hellip;]","og_url":"https:\/\/jcferroedecoracao.com.br\/?product=bicicleta-grande","og_site_name":"JC FERRO","article_modified_time":"2025-08-28T18:26:38+00:00","twitter_card":"summary_large_image","twitter_misc":{"Est. tempo de leitura":"1 minuto"},"schema":{"@context":"https:\/\/schema.org","@graph":[{"@type":"WebPage","@id":"https:\/\/jcferroedecoracao.com.br\/?product=bicicleta-grande","url":"https:\/\/jcferroedecoracao.com.br\/?product=bicicleta-grande","name":"Bicicleta grande - JC FERRO","isPartOf":{"@id":"https:\/\/jcferroedecoracao.com.br\/#website"},"datePublished":"2025-08-27T20:17:48+00:00","dateModified":"2025-08-28T18:26:38+00:00","breadcrumb":{"@id":"https:\/\/jcferroedecoracao.com.br\/?product=bicicleta-grande#breadcrumb"},"inLanguage":"pt-BR","potentialAction":[{"@type":"ReadAction","target":["https:\/\/jcferroedecoracao.com.br\/?product=bicicleta-grande"]}]},{"@type":"BreadcrumbList","@id":"https:\/\/jcferroedecoracao.com.br\/?product=bicicleta-grande#breadcrumb","itemListElement":[{"@type":"ListItem","position":1,"name":"In\u00edcio","item":"https:\/\/jcferroedecoracao.com.br\/"},{"@type":"ListItem","position":2,"name":"Loja","item":"https:\/\/jcferroedecoracao.com.br\/?page_id=296"},{"@type":"ListItem","position":3,"name":"Bicicleta grande"}]},{"@type":"WebSite","@id":"https:\/\/jcferroedecoracao.com.br\/#website","url":"https:\/\/jcferroedecoracao.com.br\/","name":"JC FERRO","description":"","potentialAction":[{"@type":"SearchAction","target":{"@type":"EntryPoint","urlTemplate":"https:\/\/jcferroedecoracao.com.br\/?s={search_term_string}"},"query-input":{"@type":"PropertyValueSpecification","valueRequired":true,"valueName":"search_term_string"}}],"inLanguage":"pt-BR"}]}},"_links":{"self":[{"href":"https:\/\/jcferroedecoracao.com.br\/index.php?rest_route=\/wp\/v2\/product\/86","targetHints":{"allow":["GET"]}}],"collection":[{"href":"https:\/\/jcferroedecoracao.com.br\/index.php?rest_route=\/wp\/v2\/product"}],"about":[{"href":"https:\/\/jcferroedecoracao.com.br\/index.php?rest_route=\/wp\/v2\/types\/product"}],"replies":[{"embeddable":true,"href":"https:\/\/jcferroedecoracao.com.br\/index.php?rest_route=%2Fwp%2Fv2%2Fcomments&post=86"}],"wp:attachment":[{"href":"https:\/\/jcferroedecoracao.com.br\/index.php?rest_route=%2Fwp%2Fv2%2Fmedia&parent=86"}],"wp:term":[{"taxonomy":"product_brand","embeddable":true,"href":"https:\/\/jcferroedecoracao.com.br\/index.php?rest_route=%2Fwp%2Fv2%2Fproduct_brand&post=86"},{"taxonomy":"product_cat","embeddable":true,"href":"https:\/\/jcferroedecoracao.com.br\/index.php?rest_route=%2Fwp%2Fv2%2Fproduct_cat&post=86"},{"taxonomy":"product_tag","embeddable":true,"href":"https:\/\/jcferroedecoracao.com.br\/index.php?rest_route=%2Fwp%2Fv2%2Fproduct_tag&post=86"}],"curies":[{"name":"wp","href":"https:\/\/api.w.org\/{rel}","templated":true}]}}