{"id":72,"date":"2025-08-27T20:17:47","date_gmt":"2025-08-27T20:17:47","guid":{"rendered":"https:\/\/jcferroedecoracao.com.br\/?product=aparador-meia-lua-g"},"modified":"2025-09-24T17:19:23","modified_gmt":"2025-09-24T17:19:23","slug":"aparador-meia-lua-g","status":"publish","type":"product","link":"https:\/\/jcferroedecoracao.com.br\/?product=aparador-meia-lua-g","title":{"rendered":"Aparador meia Lua G"},"content":{"rendered":"<p>Com maior presen\u00e7a e superf\u00edcie de apoio, o aparador meia-lua tamanho grande \u00e9 perfeito para ambientes amplos. Seu design cl\u00e1ssico com curvas suaves valoriza a decora\u00e7\u00e3o e cria um ponto de destaque sofisticado em salas, recep\u00e7\u00f5es ou \u00e1reas gourmet.<\/p>\n","protected":false},"excerpt":{"rendered":"<p>Com maior presen\u00e7a e superf\u00edcie de apoio, o aparador meia-lua tamanho grande \u00e9 perfeito para ambientes amplos. Seu design cl\u00e1ssico com curvas suaves valoriza a decora\u00e7\u00e3o e cria um ponto de destaque sofisticado em salas, recep\u00e7\u00f5es ou \u00e1reas gourmet.<\/p>\n","protected":false},"featured_media":390,"comment_status":"open","ping_status":"closed","template":"","meta":{"_joinchat":[]},"product_brand":[],"product_cat":[15,26],"product_tag":[],"class_list":{"0":"post-72","1":"product","2":"type-product","3":"status-publish","4":"has-post-thumbnail","6":"product_cat-sem-categoria","7":"product_cat-aparador","9":"first","10":"instock","11":"shipping-taxable","12":"purchasable","13":"product-type-simple"},"yoast_head":"<!-- This site is optimized with the Yoast SEO plugin v25.8 - https:\/\/yoast.com\/wordpress\/plugins\/seo\/ -->\n<title>Aparador meia Lua G - JC FERRO<\/title>\n<meta name=\"robots\" content=\"index, follow, max-snippet:-1, max-image-preview:large, max-video-preview:-1\" \/>\n<link rel=\"canonical\" href=\"https:\/\/jcferroedecoracao.com.br\/?product=aparador-meia-lua-g\" \/>\n<meta property=\"og:locale\" content=\"pt_BR\" \/>\n<meta property=\"og:type\" content=\"article\" \/>\n<meta property=\"og:title\" content=\"Aparador meia Lua G - JC FERRO\" \/>\n<meta property=\"og:description\" content=\"Com maior presen\u00e7a e superf\u00edcie de apoio, o aparador meia-lua tamanho grande \u00e9 perfeito para ambientes amplos. Seu design cl\u00e1ssico com curvas suaves valoriza a decora\u00e7\u00e3o e cria um ponto de destaque sofisticado em salas, recep\u00e7\u00f5es ou \u00e1reas gourmet.\" \/>\n<meta property=\"og:url\" content=\"https:\/\/jcferroedecoracao.com.br\/?product=aparador-meia-lua-g\" \/>\n<meta property=\"og:site_name\" content=\"JC FERRO\" \/>\n<meta property=\"article:modified_time\" content=\"2025-09-24T17:19:23+00:00\" \/>\n<meta property=\"og:image\" content=\"https:\/\/jcferroedecoracao.com.br\/wp-content\/uploads\/2025\/09\/WhatsApp-Image-2025-09-02-at-11.10.01-e1758733917210.jpeg\" \/>\n\t<meta property=\"og:image:width\" content=\"885\" \/>\n\t<meta property=\"og:image:height\" content=\"880\" \/>\n\t<meta property=\"og:image:type\" content=\"image\/jpeg\" \/>\n<meta name=\"twitter:card\" content=\"summary_large_image\" \/>\n<meta name=\"twitter:label1\" content=\"Est. tempo de leitura\" \/>\n\t<meta name=\"twitter:data1\" content=\"1 minuto\" \/>\n<script type=\"application\/ld+json\" class=\"yoast-schema-graph\">{\"@context\":\"https:\/\/schema.org\",\"@graph\":[{\"@type\":\"WebPage\",\"@id\":\"https:\/\/jcferroedecoracao.com.br\/?product=aparador-meia-lua-g\",\"url\":\"https:\/\/jcferroedecoracao.com.br\/?product=aparador-meia-lua-g\",\"name\":\"Aparador meia Lua G - JC FERRO\",\"isPartOf\":{\"@id\":\"https:\/\/jcferroedecoracao.com.br\/#website\"},\"primaryImageOfPage\":{\"@id\":\"https:\/\/jcferroedecoracao.com.br\/?product=aparador-meia-lua-g#primaryimage\"},\"image\":{\"@id\":\"https:\/\/jcferroedecoracao.com.br\/?product=aparador-meia-lua-g#primaryimage\"},\"thumbnailUrl\":\"https:\/\/jcferroedecoracao.com.br\/wp-content\/uploads\/2025\/09\/WhatsApp-Image-2025-09-02-at-11.10.01-e1758733917210.jpeg\",\"datePublished\":\"2025-08-27T20:17:47+00:00\",\"dateModified\":\"2025-09-24T17:19:23+00:00\",\"breadcrumb\":{\"@id\":\"https:\/\/jcferroedecoracao.com.br\/?product=aparador-meia-lua-g#breadcrumb\"},\"inLanguage\":\"pt-BR\",\"potentialAction\":[{\"@type\":\"ReadAction\",\"target\":[\"https:\/\/jcferroedecoracao.com.br\/?product=aparador-meia-lua-g\"]}]},{\"@type\":\"ImageObject\",\"inLanguage\":\"pt-BR\",\"@id\":\"https:\/\/jcferroedecoracao.com.br\/?product=aparador-meia-lua-g#primaryimage\",\"url\":\"https:\/\/jcferroedecoracao.com.br\/wp-content\/uploads\/2025\/09\/WhatsApp-Image-2025-09-02-at-11.10.01-e1758733917210.jpeg\",\"contentUrl\":\"https:\/\/jcferroedecoracao.com.br\/wp-content\/uploads\/2025\/09\/WhatsApp-Image-2025-09-02-at-11.10.01-e1758733917210.jpeg\",\"width\":885,\"height\":880},{\"@type\":\"BreadcrumbList\",\"@id\":\"https:\/\/jcferroedecoracao.com.br\/?product=aparador-meia-lua-g#breadcrumb\",\"itemListElement\":[{\"@type\":\"ListItem\",\"position\":1,\"name\":\"In\u00edcio\",\"item\":\"https:\/\/jcferroedecoracao.com.br\/\"},{\"@type\":\"ListItem\",\"position\":2,\"name\":\"Loja\",\"item\":\"https:\/\/jcferroedecoracao.com.br\/?page_id=296\"},{\"@type\":\"ListItem\",\"position\":3,\"name\":\"Aparador meia Lua G\"}]},{\"@type\":\"WebSite\",\"@id\":\"https:\/\/jcferroedecoracao.com.br\/#website\",\"url\":\"https:\/\/jcferroedecoracao.com.br\/\",\"name\":\"JC FERRO\",\"description\":\"\",\"potentialAction\":[{\"@type\":\"SearchAction\",\"target\":{\"@type\":\"EntryPoint\",\"urlTemplate\":\"https:\/\/jcferroedecoracao.com.br\/?s={search_term_string}\"},\"query-input\":{\"@type\":\"PropertyValueSpecification\",\"valueRequired\":true,\"valueName\":\"search_term_string\"}}],\"inLanguage\":\"pt-BR\"}]}<\/script>\n<!-- \/ Yoast SEO plugin. -->","yoast_head_json":{"title":"Aparador meia Lua G - JC FERRO","robots":{"index":"index","follow":"follow","max-snippet":"max-snippet:-1","max-image-preview":"max-image-preview:large","max-video-preview":"max-video-preview:-1"},"canonical":"https:\/\/jcferroedecoracao.com.br\/?product=aparador-meia-lua-g","og_locale":"pt_BR","og_type":"article","og_title":"Aparador meia Lua G - JC FERRO","og_description":"Com maior presen\u00e7a e superf\u00edcie de apoio, o aparador meia-lua tamanho grande \u00e9 perfeito para ambientes amplos. Seu design cl\u00e1ssico com curvas suaves valoriza a decora\u00e7\u00e3o e cria um ponto de destaque sofisticado em salas, recep\u00e7\u00f5es ou \u00e1reas gourmet.","og_url":"https:\/\/jcferroedecoracao.com.br\/?product=aparador-meia-lua-g","og_site_name":"JC FERRO","article_modified_time":"2025-09-24T17:19:23+00:00","og_image":[{"width":885,"height":880,"url":"https:\/\/jcferroedecoracao.com.br\/wp-content\/uploads\/2025\/09\/WhatsApp-Image-2025-09-02-at-11.10.01-e1758733917210.jpeg","type":"image\/jpeg"}],"twitter_card":"summary_large_image","twitter_misc":{"Est. tempo de leitura":"1 minuto"},"schema":{"@context":"https:\/\/schema.org","@graph":[{"@type":"WebPage","@id":"https:\/\/jcferroedecoracao.com.br\/?product=aparador-meia-lua-g","url":"https:\/\/jcferroedecoracao.com.br\/?product=aparador-meia-lua-g","name":"Aparador meia Lua G - JC FERRO","isPartOf":{"@id":"https:\/\/jcferroedecoracao.com.br\/#website"},"primaryImageOfPage":{"@id":"https:\/\/jcferroedecoracao.com.br\/?product=aparador-meia-lua-g#primaryimage"},"image":{"@id":"https:\/\/jcferroedecoracao.com.br\/?product=aparador-meia-lua-g#primaryimage"},"thumbnailUrl":"https:\/\/jcferroedecoracao.com.br\/wp-content\/uploads\/2025\/09\/WhatsApp-Image-2025-09-02-at-11.10.01-e1758733917210.jpeg","datePublished":"2025-08-27T20:17:47+00:00","dateModified":"2025-09-24T17:19:23+00:00","breadcrumb":{"@id":"https:\/\/jcferroedecoracao.com.br\/?product=aparador-meia-lua-g#breadcrumb"},"inLanguage":"pt-BR","potentialAction":[{"@type":"ReadAction","target":["https:\/\/jcferroedecoracao.com.br\/?product=aparador-meia-lua-g"]}]},{"@type":"ImageObject","inLanguage":"pt-BR","@id":"https:\/\/jcferroedecoracao.com.br\/?product=aparador-meia-lua-g#primaryimage","url":"https:\/\/jcferroedecoracao.com.br\/wp-content\/uploads\/2025\/09\/WhatsApp-Image-2025-09-02-at-11.10.01-e1758733917210.jpeg","contentUrl":"https:\/\/jcferroedecoracao.com.br\/wp-content\/uploads\/2025\/09\/WhatsApp-Image-2025-09-02-at-11.10.01-e1758733917210.jpeg","width":885,"height":880},{"@type":"BreadcrumbList","@id":"https:\/\/jcferroedecoracao.com.br\/?product=aparador-meia-lua-g#breadcrumb","itemListElement":[{"@type":"ListItem","position":1,"name":"In\u00edcio","item":"https:\/\/jcferroedecoracao.com.br\/"},{"@type":"ListItem","position":2,"name":"Loja","item":"https:\/\/jcferroedecoracao.com.br\/?page_id=296"},{"@type":"ListItem","position":3,"name":"Aparador meia Lua G"}]},{"@type":"WebSite","@id":"https:\/\/jcferroedecoracao.com.br\/#website","url":"https:\/\/jcferroedecoracao.com.br\/","name":"JC FERRO","description":"","potentialAction":[{"@type":"SearchAction","target":{"@type":"EntryPoint","urlTemplate":"https:\/\/jcferroedecoracao.com.br\/?s={search_term_string}"},"query-input":{"@type":"PropertyValueSpecification","valueRequired":true,"valueName":"search_term_string"}}],"inLanguage":"pt-BR"}]}},"_links":{"self":[{"href":"https:\/\/jcferroedecoracao.com.br\/index.php?rest_route=\/wp\/v2\/product\/72","targetHints":{"allow":["GET"]}}],"collection":[{"href":"https:\/\/jcferroedecoracao.com.br\/index.php?rest_route=\/wp\/v2\/product"}],"about":[{"href":"https:\/\/jcferroedecoracao.com.br\/index.php?rest_route=\/wp\/v2\/types\/product"}],"replies":[{"embeddable":true,"href":"https:\/\/jcferroedecoracao.com.br\/index.php?rest_route=%2Fwp%2Fv2%2Fcomments&post=72"}],"wp:featuredmedia":[{"embeddable":true,"href":"https:\/\/jcferroedecoracao.com.br\/index.php?rest_route=\/wp\/v2\/media\/390"}],"wp:attachment":[{"href":"https:\/\/jcferroedecoracao.com.br\/index.php?rest_route=%2Fwp%2Fv2%2Fmedia&parent=72"}],"wp:term":[{"taxonomy":"product_brand","embeddable":true,"href":"https:\/\/jcferroedecoracao.com.br\/index.php?rest_route=%2Fwp%2Fv2%2Fproduct_brand&post=72"},{"taxonomy":"product_cat","embeddable":true,"href":"https:\/\/jcferroedecoracao.com.br\/index.php?rest_route=%2Fwp%2Fv2%2Fproduct_cat&post=72"},{"taxonomy":"product_tag","embeddable":true,"href":"https:\/\/jcferroedecoracao.com.br\/index.php?rest_route=%2Fwp%2Fv2%2Fproduct_tag&post=72"}],"curies":[{"name":"wp","href":"https:\/\/api.w.org\/{rel}","templated":true}]}}