{"id":103,"date":"2025-08-27T20:17:49","date_gmt":"2025-08-27T20:17:49","guid":{"rendered":"https:\/\/jcferroedecoracao.com.br\/?product=mesa-redonda-4-cadeiras"},"modified":"2025-08-28T18:12:02","modified_gmt":"2025-08-28T18:12:02","slug":"mesa-redonda-4-cadeiras","status":"publish","type":"product","link":"https:\/\/jcferroedecoracao.com.br\/?product=mesa-redonda-4-cadeiras","title":{"rendered":"Mesa redonda 4 cadeiras"},"content":{"rendered":"<p>A Mesa Redonda com 4 Cadeiras \u00e9 pensada para quem valoriza momentos de confraterniza\u00e7\u00e3o em um espa\u00e7o aconchegante. Fabricada em ferro resistente, garante robustez e longa vida \u00fatil, al\u00e9m de um design atemporal que combina facilmente com diferentes estilos de decora\u00e7\u00e3o. O formato redondo favorece a intera\u00e7\u00e3o entre as pessoas, tornando-a perfeita para refei\u00e7\u00f5es, reuni\u00f5es familiares ou at\u00e9 mesmo momentos de descontra\u00e7\u00e3o. Suas cadeiras oferecem conforto e complementam o conjunto com equil\u00edbrio est\u00e9tico. Uma escolha que alia funcionalidade, praticidade e sofistica\u00e7\u00e3o, transformando qualquer ambiente em um espa\u00e7o convidativo.<\/p>\n","protected":false},"excerpt":{"rendered":"<p>A Mesa Redonda com 4 Cadeiras \u00e9 pensada para quem valoriza momentos de confraterniza\u00e7\u00e3o em um espa\u00e7o aconchegante. Fabricada em ferro resistente, garante robustez e longa vida \u00fatil, al\u00e9m de um design atemporal que combina facilmente com diferentes estilos de decora\u00e7\u00e3o. O formato redondo favorece a intera\u00e7\u00e3o entre as pessoas, tornando-a perfeita para refei\u00e7\u00f5es, reuni\u00f5es [&hellip;]<\/p>\n","protected":false},"featured_media":0,"comment_status":"open","ping_status":"closed","template":"","meta":{"_joinchat":[]},"product_brand":[],"product_cat":[15],"product_tag":[25],"class_list":{"0":"post-103","1":"product","2":"type-product","3":"status-publish","5":"product_cat-sem-categoria","6":"product_tag-teste","8":"first","9":"instock","10":"sale","11":"featured","12":"shipping-taxable","13":"purchasable","14":"product-type-simple"},"yoast_head":"<!-- This site is optimized with the Yoast SEO plugin v25.8 - https:\/\/yoast.com\/wordpress\/plugins\/seo\/ -->\n<title>Mesa redonda 4 cadeiras - JC FERRO<\/title>\n<meta name=\"robots\" content=\"index, follow, max-snippet:-1, max-image-preview:large, max-video-preview:-1\" \/>\n<link rel=\"canonical\" href=\"https:\/\/jcferroedecoracao.com.br\/?product=mesa-redonda-4-cadeiras\" \/>\n<meta property=\"og:locale\" content=\"pt_BR\" \/>\n<meta property=\"og:type\" content=\"article\" \/>\n<meta property=\"og:title\" content=\"Mesa redonda 4 cadeiras - JC FERRO\" \/>\n<meta property=\"og:description\" content=\"A Mesa Redonda com 4 Cadeiras \u00e9 pensada para quem valoriza momentos de confraterniza\u00e7\u00e3o em um espa\u00e7o aconchegante. Fabricada em ferro resistente, garante robustez e longa vida \u00fatil, al\u00e9m de um design atemporal que combina facilmente com diferentes estilos de decora\u00e7\u00e3o. O formato redondo favorece a intera\u00e7\u00e3o entre as pessoas, tornando-a perfeita para refei\u00e7\u00f5es, reuni\u00f5es [&hellip;]\" \/>\n<meta property=\"og:url\" content=\"https:\/\/jcferroedecoracao.com.br\/?product=mesa-redonda-4-cadeiras\" \/>\n<meta property=\"og:site_name\" content=\"JC FERRO\" \/>\n<meta property=\"article:modified_time\" content=\"2025-08-28T18:12:02+00:00\" \/>\n<meta name=\"twitter:card\" content=\"summary_large_image\" \/>\n<meta name=\"twitter:label1\" content=\"Est. tempo de leitura\" \/>\n\t<meta name=\"twitter:data1\" content=\"1 minuto\" \/>\n<script type=\"application\/ld+json\" class=\"yoast-schema-graph\">{\"@context\":\"https:\/\/schema.org\",\"@graph\":[{\"@type\":\"WebPage\",\"@id\":\"https:\/\/jcferroedecoracao.com.br\/?product=mesa-redonda-4-cadeiras\",\"url\":\"https:\/\/jcferroedecoracao.com.br\/?product=mesa-redonda-4-cadeiras\",\"name\":\"Mesa redonda 4 cadeiras - JC FERRO\",\"isPartOf\":{\"@id\":\"https:\/\/jcferroedecoracao.com.br\/#website\"},\"datePublished\":\"2025-08-27T20:17:49+00:00\",\"dateModified\":\"2025-08-28T18:12:02+00:00\",\"breadcrumb\":{\"@id\":\"https:\/\/jcferroedecoracao.com.br\/?product=mesa-redonda-4-cadeiras#breadcrumb\"},\"inLanguage\":\"pt-BR\",\"potentialAction\":[{\"@type\":\"ReadAction\",\"target\":[\"https:\/\/jcferroedecoracao.com.br\/?product=mesa-redonda-4-cadeiras\"]}]},{\"@type\":\"BreadcrumbList\",\"@id\":\"https:\/\/jcferroedecoracao.com.br\/?product=mesa-redonda-4-cadeiras#breadcrumb\",\"itemListElement\":[{\"@type\":\"ListItem\",\"position\":1,\"name\":\"In\u00edcio\",\"item\":\"https:\/\/jcferroedecoracao.com.br\/\"},{\"@type\":\"ListItem\",\"position\":2,\"name\":\"Loja\",\"item\":\"https:\/\/jcferroedecoracao.com.br\/?page_id=296\"},{\"@type\":\"ListItem\",\"position\":3,\"name\":\"Mesa redonda 4 cadeiras\"}]},{\"@type\":\"WebSite\",\"@id\":\"https:\/\/jcferroedecoracao.com.br\/#website\",\"url\":\"https:\/\/jcferroedecoracao.com.br\/\",\"name\":\"JC FERRO\",\"description\":\"\",\"potentialAction\":[{\"@type\":\"SearchAction\",\"target\":{\"@type\":\"EntryPoint\",\"urlTemplate\":\"https:\/\/jcferroedecoracao.com.br\/?s={search_term_string}\"},\"query-input\":{\"@type\":\"PropertyValueSpecification\",\"valueRequired\":true,\"valueName\":\"search_term_string\"}}],\"inLanguage\":\"pt-BR\"}]}<\/script>\n<!-- \/ Yoast SEO plugin. -->","yoast_head_json":{"title":"Mesa redonda 4 cadeiras - JC FERRO","robots":{"index":"index","follow":"follow","max-snippet":"max-snippet:-1","max-image-preview":"max-image-preview:large","max-video-preview":"max-video-preview:-1"},"canonical":"https:\/\/jcferroedecoracao.com.br\/?product=mesa-redonda-4-cadeiras","og_locale":"pt_BR","og_type":"article","og_title":"Mesa redonda 4 cadeiras - JC FERRO","og_description":"A Mesa Redonda com 4 Cadeiras \u00e9 pensada para quem valoriza momentos de confraterniza\u00e7\u00e3o em um espa\u00e7o aconchegante. Fabricada em ferro resistente, garante robustez e longa vida \u00fatil, al\u00e9m de um design atemporal que combina facilmente com diferentes estilos de decora\u00e7\u00e3o. O formato redondo favorece a intera\u00e7\u00e3o entre as pessoas, tornando-a perfeita para refei\u00e7\u00f5es, reuni\u00f5es [&hellip;]","og_url":"https:\/\/jcferroedecoracao.com.br\/?product=mesa-redonda-4-cadeiras","og_site_name":"JC FERRO","article_modified_time":"2025-08-28T18:12:02+00:00","twitter_card":"summary_large_image","twitter_misc":{"Est. tempo de leitura":"1 minuto"},"schema":{"@context":"https:\/\/schema.org","@graph":[{"@type":"WebPage","@id":"https:\/\/jcferroedecoracao.com.br\/?product=mesa-redonda-4-cadeiras","url":"https:\/\/jcferroedecoracao.com.br\/?product=mesa-redonda-4-cadeiras","name":"Mesa redonda 4 cadeiras - JC FERRO","isPartOf":{"@id":"https:\/\/jcferroedecoracao.com.br\/#website"},"datePublished":"2025-08-27T20:17:49+00:00","dateModified":"2025-08-28T18:12:02+00:00","breadcrumb":{"@id":"https:\/\/jcferroedecoracao.com.br\/?product=mesa-redonda-4-cadeiras#breadcrumb"},"inLanguage":"pt-BR","potentialAction":[{"@type":"ReadAction","target":["https:\/\/jcferroedecoracao.com.br\/?product=mesa-redonda-4-cadeiras"]}]},{"@type":"BreadcrumbList","@id":"https:\/\/jcferroedecoracao.com.br\/?product=mesa-redonda-4-cadeiras#breadcrumb","itemListElement":[{"@type":"ListItem","position":1,"name":"In\u00edcio","item":"https:\/\/jcferroedecoracao.com.br\/"},{"@type":"ListItem","position":2,"name":"Loja","item":"https:\/\/jcferroedecoracao.com.br\/?page_id=296"},{"@type":"ListItem","position":3,"name":"Mesa redonda 4 cadeiras"}]},{"@type":"WebSite","@id":"https:\/\/jcferroedecoracao.com.br\/#website","url":"https:\/\/jcferroedecoracao.com.br\/","name":"JC FERRO","description":"","potentialAction":[{"@type":"SearchAction","target":{"@type":"EntryPoint","urlTemplate":"https:\/\/jcferroedecoracao.com.br\/?s={search_term_string}"},"query-input":{"@type":"PropertyValueSpecification","valueRequired":true,"valueName":"search_term_string"}}],"inLanguage":"pt-BR"}]}},"_links":{"self":[{"href":"https:\/\/jcferroedecoracao.com.br\/index.php?rest_route=\/wp\/v2\/product\/103","targetHints":{"allow":["GET"]}}],"collection":[{"href":"https:\/\/jcferroedecoracao.com.br\/index.php?rest_route=\/wp\/v2\/product"}],"about":[{"href":"https:\/\/jcferroedecoracao.com.br\/index.php?rest_route=\/wp\/v2\/types\/product"}],"replies":[{"embeddable":true,"href":"https:\/\/jcferroedecoracao.com.br\/index.php?rest_route=%2Fwp%2Fv2%2Fcomments&post=103"}],"wp:attachment":[{"href":"https:\/\/jcferroedecoracao.com.br\/index.php?rest_route=%2Fwp%2Fv2%2Fmedia&parent=103"}],"wp:term":[{"taxonomy":"product_brand","embeddable":true,"href":"https:\/\/jcferroedecoracao.com.br\/index.php?rest_route=%2Fwp%2Fv2%2Fproduct_brand&post=103"},{"taxonomy":"product_cat","embeddable":true,"href":"https:\/\/jcferroedecoracao.com.br\/index.php?rest_route=%2Fwp%2Fv2%2Fproduct_cat&post=103"},{"taxonomy":"product_tag","embeddable":true,"href":"https:\/\/jcferroedecoracao.com.br\/index.php?rest_route=%2Fwp%2Fv2%2Fproduct_tag&post=103"}],"curies":[{"name":"wp","href":"https:\/\/api.w.org\/{rel}","templated":true}]}}