{"id":176,"date":"2025-08-27T20:54:24","date_gmt":"2025-08-27T20:54:24","guid":{"rendered":"https:\/\/jcferroedecoracao.com.br\/?page_id=176"},"modified":"2025-08-27T21:24:46","modified_gmt":"2025-08-27T21:24:46","slug":"sobre-nos","status":"publish","type":"page","link":"https:\/\/jcferroedecoracao.com.br\/?page_id=176","title":{"rendered":"Sobre n\u00f3s"},"content":{"rendered":"\t\t<div data-elementor-type=\"wp-page\" data-elementor-id=\"176\" class=\"elementor elementor-176\" data-elementor-post-type=\"page\">\n\t\t\t\t<div class=\"elementor-element elementor-element-9ea3ab9 e-flex e-con-boxed e-con e-parent\" data-id=\"9ea3ab9\" data-element_type=\"container\">\n\t\t\t\t\t<div class=\"e-con-inner\">\n\t\t\t\t<div class=\"elementor-element elementor-element-bf0099f elementor-widget elementor-widget-text-editor\" data-id=\"bf0099f\" data-element_type=\"widget\" data-widget_type=\"text-editor.default\">\n\t\t\t\t\t\t\t\t\t<h2 data-start=\"142\" data-end=\"177\">Sobre a JC Ferros &amp; Decora\u00e7\u00f5es<\/h2><p data-start=\"179\" data-end=\"398\">Fundada em <strong data-start=\"190\" data-end=\"198\">2002<\/strong>, na cidade de <strong data-start=\"213\" data-end=\"230\">Pedreira \u2013 SP<\/strong>, a <strong data-start=\"234\" data-end=\"260\">JC Ferros &amp; Decora\u00e7\u00f5es<\/strong> se consolidou como uma das principais refer\u00eancias no segmento de <strong data-start=\"326\" data-end=\"395\">m\u00f3veis de ferro e aramados para decora\u00e7\u00e3o residencial e comercial<\/strong>.<\/p><p data-start=\"400\" data-end=\"726\">Com mais de <strong data-start=\"412\" data-end=\"438\">20 anos de experi\u00eancia<\/strong>, unimos tradi\u00e7\u00e3o, inova\u00e7\u00e3o e um compromisso inegoci\u00e1vel com a <strong data-start=\"501\" data-end=\"529\">qualidade e durabilidade<\/strong> de cada produto. Desde a sele\u00e7\u00e3o da mat\u00e9ria-prima at\u00e9 os detalhes do acabamento final, cada etapa do processo \u00e9 conduzida com rigor, garantindo m\u00f3veis <strong data-start=\"681\" data-end=\"723\">resistentes, sofisticados e atemporais<\/strong>.<\/p><p data-start=\"728\" data-end=\"1038\">Nossos produtos s\u00e3o desenvolvidos a partir de <strong data-start=\"774\" data-end=\"812\">ferro e aramados de alta qualidade<\/strong>, transformados em pe\u00e7as exclusivas que combinam <strong data-start=\"861\" data-end=\"914\">design vers\u00e1til, funcionalidade e longa vida \u00fatil<\/strong>. Trabalhamos tanto para <strong data-start=\"939\" data-end=\"977\">ambientes internos quanto externos<\/strong>, sempre com foco na harmonia entre est\u00e9tica e resist\u00eancia.<\/p><p data-start=\"1040\" data-end=\"1420\">Al\u00e9m das linhas pr\u00f3prias de m\u00f3veis decorativos, somos especializados em <strong data-start=\"1112\" data-end=\"1139\">projetos personalizados<\/strong>, criando solu\u00e7\u00f5es sob medida que atendem \u00e0s necessidades de <strong data-start=\"1200\" data-end=\"1274\">clientes finais, arquitetos, decoradores e estabelecimentos comerciais<\/strong>. Cada pe\u00e7a carrega n\u00e3o apenas a for\u00e7a do ferro, mas tamb\u00e9m a <strong data-start=\"1336\" data-end=\"1376\">dedica\u00e7\u00e3o artesanal e a criatividade<\/strong> que fazem parte da ess\u00eancia da JC Ferros.<\/p><hr data-start=\"1422\" data-end=\"1425\" \/><h2 data-start=\"1427\" data-end=\"1438\">Miss\u00e3o<\/h2><p data-start=\"1439\" data-end=\"1619\">Oferecer m\u00f3veis de ferro de <strong data-start=\"1467\" data-end=\"1485\">alta qualidade<\/strong>, que unam <strong data-start=\"1496\" data-end=\"1536\">beleza, resist\u00eancia e funcionalidade<\/strong>, proporcionando a cada cliente <strong data-start=\"1568\" data-end=\"1616\">ambientes \u00fanicos, aconchegantes e duradouros<\/strong>.<\/p><h2 data-start=\"1621\" data-end=\"1631\">Vis\u00e3o<\/h2><p data-start=\"1632\" data-end=\"1852\">Ser reconhecida como a <strong data-start=\"1655\" data-end=\"1722\">principal refer\u00eancia nacional em m\u00f3veis de ferro personalizados<\/strong>, expandindo nossa presen\u00e7a no mercado e mantendo sempre o compromisso com a <strong data-start=\"1799\" data-end=\"1849\">excel\u00eancia, inova\u00e7\u00e3o e satisfa\u00e7\u00e3o dos clientes<\/strong>.<\/p><h2 data-start=\"1854\" data-end=\"1866\">Valores<\/h2><ul data-start=\"1867\" data-end=\"2398\"><li data-start=\"1867\" data-end=\"1950\"><p data-start=\"1869\" data-end=\"1950\"><strong data-start=\"1869\" data-end=\"1897\">Qualidade e Durabilidade<\/strong> \u2013 Produtos feitos para resistir ao tempo e ao uso.<\/p><\/li><li data-start=\"1951\" data-end=\"2020\"><p data-start=\"1953\" data-end=\"2020\"><strong data-start=\"1953\" data-end=\"1971\">Personaliza\u00e7\u00e3o<\/strong> \u2013 Cada cliente \u00e9 \u00fanico, e cada projeto tamb\u00e9m.<\/p><\/li><li data-start=\"2021\" data-end=\"2112\"><p data-start=\"2023\" data-end=\"2112\"><strong data-start=\"2023\" data-end=\"2046\">Tradi\u00e7\u00e3o e Inova\u00e7\u00e3o<\/strong> \u2013 Mais de duas d\u00e9cadas de experi\u00eancia aliadas a design moderno.<\/p><\/li><li data-start=\"2113\" data-end=\"2191\"><p data-start=\"2115\" data-end=\"2191\"><strong data-start=\"2115\" data-end=\"2144\">Compromisso com o Cliente<\/strong> \u2013 Atendimento transparente, \u00e9tico e pr\u00f3ximo.<\/p><\/li><li data-start=\"2192\" data-end=\"2303\"><p data-start=\"2194\" data-end=\"2303\"><strong data-start=\"2194\" data-end=\"2214\">Sustentabilidade<\/strong> \u2013 Utiliza\u00e7\u00e3o consciente dos recursos, buscando pr\u00e1ticas que respeitem o meio ambiente.<\/p><\/li><li data-start=\"2304\" data-end=\"2398\"><p data-start=\"2306\" data-end=\"2398\"><strong data-start=\"2306\" data-end=\"2333\">Paix\u00e3o pelo que fazemos<\/strong> \u2013 Nosso trabalho \u00e9 transformar ferro em arte e funcionalidade.<\/p><\/li><\/ul>\t\t\t\t\t\t\t\t<\/div>\n\t\t\t\t\t<\/div>\n\t\t\t\t<\/div>\n\t\t\t\t<\/div>\n\t\t","protected":false},"excerpt":{"rendered":"<p>Sobre a JC Ferros &amp; Decora\u00e7\u00f5es Fundada em 2002, na cidade de Pedreira \u2013 SP, a JC Ferros &amp; Decora\u00e7\u00f5es se consolidou como uma das principais refer\u00eancias no segmento de m\u00f3veis de ferro e aramados para decora\u00e7\u00e3o residencial e comercial. Com mais de 20 anos de experi\u00eancia, unimos tradi\u00e7\u00e3o, inova\u00e7\u00e3o e um compromisso inegoci\u00e1vel com [&hellip;]<\/p>\n","protected":false},"author":1,"featured_media":0,"parent":0,"menu_order":0,"comment_status":"closed","ping_status":"closed","template":"","meta":{"_joinchat":[],"footnotes":""},"class_list":["post-176","page","type-page","status-publish","hentry"],"yoast_head":"<!-- This site is optimized with the Yoast SEO plugin v25.8 - https:\/\/yoast.com\/wordpress\/plugins\/seo\/ -->\n<title>Sobre n\u00f3s - JC FERRO<\/title>\n<meta name=\"robots\" content=\"index, follow, max-snippet:-1, max-image-preview:large, max-video-preview:-1\" \/>\n<link rel=\"canonical\" href=\"https:\/\/jcferroedecoracao.com.br\/?page_id=176\" \/>\n<meta property=\"og:locale\" content=\"pt_BR\" \/>\n<meta property=\"og:type\" content=\"article\" \/>\n<meta property=\"og:title\" content=\"Sobre n\u00f3s - JC FERRO\" \/>\n<meta property=\"og:description\" content=\"Sobre a JC Ferros &amp; Decora\u00e7\u00f5es Fundada em 2002, na cidade de Pedreira \u2013 SP, a JC Ferros &amp; Decora\u00e7\u00f5es se consolidou como uma das principais refer\u00eancias no segmento de m\u00f3veis de ferro e aramados para decora\u00e7\u00e3o residencial e comercial. Com mais de 20 anos de experi\u00eancia, unimos tradi\u00e7\u00e3o, inova\u00e7\u00e3o e um compromisso inegoci\u00e1vel com [&hellip;]\" \/>\n<meta property=\"og:url\" content=\"https:\/\/jcferroedecoracao.com.br\/?page_id=176\" \/>\n<meta property=\"og:site_name\" content=\"JC FERRO\" \/>\n<meta property=\"article:modified_time\" content=\"2025-08-27T21:24:46+00:00\" \/>\n<meta name=\"twitter:card\" content=\"summary_large_image\" \/>\n<meta name=\"twitter:label1\" content=\"Est. tempo de leitura\" \/>\n\t<meta name=\"twitter:data1\" content=\"2 minutos\" \/>\n<script type=\"application\/ld+json\" class=\"yoast-schema-graph\">{\"@context\":\"https:\/\/schema.org\",\"@graph\":[{\"@type\":\"WebPage\",\"@id\":\"https:\/\/jcferroedecoracao.com.br\/?page_id=176\",\"url\":\"https:\/\/jcferroedecoracao.com.br\/?page_id=176\",\"name\":\"Sobre n\u00f3s - JC FERRO\",\"isPartOf\":{\"@id\":\"https:\/\/jcferroedecoracao.com.br\/#website\"},\"datePublished\":\"2025-08-27T20:54:24+00:00\",\"dateModified\":\"2025-08-27T21:24:46+00:00\",\"breadcrumb\":{\"@id\":\"https:\/\/jcferroedecoracao.com.br\/?page_id=176#breadcrumb\"},\"inLanguage\":\"pt-BR\",\"potentialAction\":[{\"@type\":\"ReadAction\",\"target\":[\"https:\/\/jcferroedecoracao.com.br\/?page_id=176\"]}]},{\"@type\":\"BreadcrumbList\",\"@id\":\"https:\/\/jcferroedecoracao.com.br\/?page_id=176#breadcrumb\",\"itemListElement\":[{\"@type\":\"ListItem\",\"position\":1,\"name\":\"In\u00edcio\",\"item\":\"https:\/\/jcferroedecoracao.com.br\/\"},{\"@type\":\"ListItem\",\"position\":2,\"name\":\"Sobre n\u00f3s\"}]},{\"@type\":\"WebSite\",\"@id\":\"https:\/\/jcferroedecoracao.com.br\/#website\",\"url\":\"https:\/\/jcferroedecoracao.com.br\/\",\"name\":\"JC FERRO\",\"description\":\"\",\"potentialAction\":[{\"@type\":\"SearchAction\",\"target\":{\"@type\":\"EntryPoint\",\"urlTemplate\":\"https:\/\/jcferroedecoracao.com.br\/?s={search_term_string}\"},\"query-input\":{\"@type\":\"PropertyValueSpecification\",\"valueRequired\":true,\"valueName\":\"search_term_string\"}}],\"inLanguage\":\"pt-BR\"}]}<\/script>\n<!-- \/ Yoast SEO plugin. -->","yoast_head_json":{"title":"Sobre n\u00f3s - JC FERRO","robots":{"index":"index","follow":"follow","max-snippet":"max-snippet:-1","max-image-preview":"max-image-preview:large","max-video-preview":"max-video-preview:-1"},"canonical":"https:\/\/jcferroedecoracao.com.br\/?page_id=176","og_locale":"pt_BR","og_type":"article","og_title":"Sobre n\u00f3s - JC FERRO","og_description":"Sobre a JC Ferros &amp; Decora\u00e7\u00f5es Fundada em 2002, na cidade de Pedreira \u2013 SP, a JC Ferros &amp; Decora\u00e7\u00f5es se consolidou como uma das principais refer\u00eancias no segmento de m\u00f3veis de ferro e aramados para decora\u00e7\u00e3o residencial e comercial. Com mais de 20 anos de experi\u00eancia, unimos tradi\u00e7\u00e3o, inova\u00e7\u00e3o e um compromisso inegoci\u00e1vel com [&hellip;]","og_url":"https:\/\/jcferroedecoracao.com.br\/?page_id=176","og_site_name":"JC FERRO","article_modified_time":"2025-08-27T21:24:46+00:00","twitter_card":"summary_large_image","twitter_misc":{"Est. tempo de leitura":"2 minutos"},"schema":{"@context":"https:\/\/schema.org","@graph":[{"@type":"WebPage","@id":"https:\/\/jcferroedecoracao.com.br\/?page_id=176","url":"https:\/\/jcferroedecoracao.com.br\/?page_id=176","name":"Sobre n\u00f3s - JC FERRO","isPartOf":{"@id":"https:\/\/jcferroedecoracao.com.br\/#website"},"datePublished":"2025-08-27T20:54:24+00:00","dateModified":"2025-08-27T21:24:46+00:00","breadcrumb":{"@id":"https:\/\/jcferroedecoracao.com.br\/?page_id=176#breadcrumb"},"inLanguage":"pt-BR","potentialAction":[{"@type":"ReadAction","target":["https:\/\/jcferroedecoracao.com.br\/?page_id=176"]}]},{"@type":"BreadcrumbList","@id":"https:\/\/jcferroedecoracao.com.br\/?page_id=176#breadcrumb","itemListElement":[{"@type":"ListItem","position":1,"name":"In\u00edcio","item":"https:\/\/jcferroedecoracao.com.br\/"},{"@type":"ListItem","position":2,"name":"Sobre n\u00f3s"}]},{"@type":"WebSite","@id":"https:\/\/jcferroedecoracao.com.br\/#website","url":"https:\/\/jcferroedecoracao.com.br\/","name":"JC FERRO","description":"","potentialAction":[{"@type":"SearchAction","target":{"@type":"EntryPoint","urlTemplate":"https:\/\/jcferroedecoracao.com.br\/?s={search_term_string}"},"query-input":{"@type":"PropertyValueSpecification","valueRequired":true,"valueName":"search_term_string"}}],"inLanguage":"pt-BR"}]}},"_links":{"self":[{"href":"https:\/\/jcferroedecoracao.com.br\/index.php?rest_route=\/wp\/v2\/pages\/176","targetHints":{"allow":["GET"]}}],"collection":[{"href":"https:\/\/jcferroedecoracao.com.br\/index.php?rest_route=\/wp\/v2\/pages"}],"about":[{"href":"https:\/\/jcferroedecoracao.com.br\/index.php?rest_route=\/wp\/v2\/types\/page"}],"author":[{"embeddable":true,"href":"https:\/\/jcferroedecoracao.com.br\/index.php?rest_route=\/wp\/v2\/users\/1"}],"replies":[{"embeddable":true,"href":"https:\/\/jcferroedecoracao.com.br\/index.php?rest_route=%2Fwp%2Fv2%2Fcomments&post=176"}],"version-history":[{"count":4,"href":"https:\/\/jcferroedecoracao.com.br\/index.php?rest_route=\/wp\/v2\/pages\/176\/revisions"}],"predecessor-version":[{"id":222,"href":"https:\/\/jcferroedecoracao.com.br\/index.php?rest_route=\/wp\/v2\/pages\/176\/revisions\/222"}],"wp:attachment":[{"href":"https:\/\/jcferroedecoracao.com.br\/index.php?rest_route=%2Fwp%2Fv2%2Fmedia&parent=176"}],"curies":[{"name":"wp","href":"https:\/\/api.w.org\/{rel}","templated":true}]}}